{"id":32,"date":"2012-02-05T16:51:41","date_gmt":"2012-02-05T15:51:41","guid":{"rendered":"http:\/\/pop-culture.fr\/blog\/?page_id=32"},"modified":"2015-02-15T21:37:10","modified_gmt":"2015-02-15T20:37:10","slug":"scenes-cultes","status":"publish","type":"page","link":"https:\/\/pop-culture.fr\/blog\/scenes-cultes\/","title":{"rendered":"Sc\u00e8nes cultes"},"content":{"rendered":"<div>Cette page restera accessible en permanence depuis l&rsquo;accueil et sera tenue \u00e0 jour \u00e0 chaque nouvelle sc\u00e8ne culte publi\u00e9e. Vous n&rsquo;aurez plus aucune excuse pour ne pas voir ou revoir ces moments forts du cin\u00e9ma\u00a0!<\/div>\n<p>&nbsp;<\/p>\n<div>\n<ol>\n<li><a href=\"http:\/\/pop-culture.fr\/dotclear\/index.php?post\/2008\/11\/21\/Scenes-culte-%3A-premiere\">Sc\u00e8nes cultes\u00a0: premi\u00e8re<\/a>\u00a0| Blade Runner<\/li>\n<li><a href=\"http:\/\/pop-culture.fr\/dotclear\/index.php?post\/2008\/12\/09\/Scenes-cultes-%3A-deuxieme\">Sc\u00e8nes cultes\u00a0: deuxi\u00e8me<\/a>\u00a0| Terminator<\/li>\n<li><a href=\"http:\/\/pop-culture.fr\/dotclear\/index.php?post\/2009\/01\/10\/Scenes-cultes-%3A-troisieme\">Sc\u00e8nes cultes\u00a0: troisi\u00e8me<\/a>\u00a0| Tigre et Dragon<\/li>\n<li><a href=\"http:\/\/pop-culture.fr\/dotclear\/index.php?post\/2009\/02\/14\/Scenes-cultes-%3A-quatrieme\">Sc\u00e8nes cultes\u00a0: quatri\u00e8me<\/a>\u00a0| Ghost Dog<\/li>\n<li><a href=\"http:\/\/pop-culture.fr\/dotclear\/index.php?post\/2009\/03\/04\/Scenes-cultes-%3A-cinquieme\">Sc\u00e8nes cultes\u00a0: cinqui\u00e8me<\/a>\u00a0| Le Tombeau des Lucioles \/ Mon Voisin Totoro<\/li>\n<li><a href=\"http:\/\/pop-culture.fr\/dotclear\/index.php?post\/2009\/03\/17\/Scenes-cultes-%3A-sixieme\">Sc\u00e8nes cultes\u00a0: sixi\u00e8me<\/a>\u00a0| Avalon<\/li>\n<li><a href=\"http:\/\/pop-culture.fr\/dotclear\/index.php?post\/2009\/03\/28\/Scenes-cultes-%3A-septieme\">Sc\u00e8nes cultes\u00a0: septi\u00e8me<\/a>\u00a0| The Big Lebowski<\/li>\n<li><a href=\"http:\/\/pop-culture.fr\/dotclear\/index.php?post\/2009\/04\/03\/Scenes-cultes-%3A-huitieme\">Sc\u00e8nes cultes\u00a0: huiti\u00e8me<\/a>\u00a0| Il \u00e9tait une fois dans l&rsquo;Ouest<\/li>\n<li><a href=\"http:\/\/pop-culture.fr\/dotclear\/index.php?post\/2009\/04\/23\/Scenes-cultes-%3A-neuvieme\">Sc\u00e8nes cultes\u00a0: neuvi\u00e8me<\/a>\u00a0| Le 13\u00e8me Guerrier<\/li>\n<li><a href=\"http:\/\/pop-culture.fr\/dotclear\/index.php?post\/2009\/05\/04\/Scenes-cultes-%3A-dixieme\">Sc\u00e8nes cultes\u00a0: dixi\u00e8me<\/a>\u00a0| Snatch<\/li>\n<li><a href=\"http:\/\/pop-culture.fr\/dotclear\/index.php?post\/2009\/07\/26\/Scenes-cultes-%3A-onzieme\">Sc\u00e8nes cultes\u00a0: onzi\u00e8me<\/a>\u00a0| Batman Begins<\/li>\n<li><a href=\"http:\/\/pop-culture.fr\/dotclear\/index.php?post\/2009\/09\/14\/Scenes-cultes-%3A-douzieme\">Sc\u00e8nes cultes\u00a0: douzi\u00e8me<\/a>\u00a0| Sacr\u00e9 Graal<\/li>\n<li><a href=\"http:\/\/pop-culture.fr\/dotclear\/index.php?post\/2009\/09\/24\/Scenes-cultes-%3A-treizieme\">Sc\u00e8nes cultes\u00a0: treizi\u00e8me<\/a>\u00a0| Dirty Dancing<\/li>\n<li><a href=\"http:\/\/pop-culture.fr\/dotclear\/index.php?post\/2009\/10\/02\/Scenes-cultes-%3A-quatorzieme\">Sc\u00e8nes cultes\u00a0: quatorzi\u00e8me<\/a>\u00a0| La Communaut\u00e9 de l&rsquo;Anneau<\/li>\n<li><a href=\"http:\/\/pop-culture.fr\/dotclear\/index.php?post\/2009\/10\/11\/Scenes-cultes-%3A-quinzieme\">Sc\u00e8nes cultes\u00a0: quinzi\u00e8me<\/a>\u00a0| Les Deux Tours<\/li>\n<li><a href=\"http:\/\/pop-culture.fr\/dotclear\/index.php?post\/2009\/11\/02\/Scenes-cultes-%3A-seizieme\">Sc\u00e8nes cultes\u00a0: seizi\u00e8me<\/a>\u00a0| Le Retour du Roi<\/li>\n<li><a href=\"http:\/\/pop-culture.fr\/dotclear\/index.php?post\/2009\/11\/15\/Scenes-cultes-%3A-dix-septieme\">Sc\u00e8nes cultes\u00a0: dix-septi\u00e8me<\/a>\u00a0| The Straight story<\/li>\n<li><a href=\"http:\/\/pop-culture.fr\/dotclear\/index.php?post\/2009\/12\/03\/Scenes-cultes-%3A-dix-huitieme\">Sc\u00e8nes cultes\u00a0: dix-huiti\u00e8me<\/a>\u00a0| Le Bon, la Brute et le Truand<\/li>\n<li><a href=\"http:\/\/pop-culture.fr\/dotclear\/index.php?post\/2010\/01\/30\/Scenes-cultes-%3A-Dix-neuvieme\">Sc\u00e8nes cultes\u00a0: dix-neuvi\u00e8me<\/a>\u00a0| La Pr\u00e9logie Star Wars<\/li>\n<li><a href=\"http:\/\/pop-culture.fr\/dotclear\/index.php?post\/2010\/05\/18\/Scenes-cultes-%3A-vingtieme\">Sc\u00e8nes cultes\u00a0: vingti\u00e8me<\/a>\u00a0| Willow<\/li>\n<li><a href=\"http:\/\/pop-culture.fr\/dotclear\/index.php?post\/2010\/07\/18\/Scenes-cultes-%3A-vingt-et-unieme\">Sc\u00e8nes cultes\u00a0: vingt-et-uni\u00e8me<\/a>\u00a0| L&rsquo;\u00c9t\u00e9 de Kikujiro<\/li>\n<li><a href=\"http:\/\/pop-culture.fr\/dotclear\/index.php?post\/2010\/08\/29\/Scenes-cultes-%3A-vingt-deuxieme\">Sc\u00e8nes cultes\u00a0: vingt-deuxi\u00e8me<\/a>\u00a0| Conan le Barbare<\/li>\n<li><a href=\"http:\/\/pop-culture.fr\/dotclear\/index.php?post\/2010\/09\/12\/Scenes-cultes-%3A-vingt-troisieme\">Sc\u00e8nes cultes\u00a0: vingt-troisi\u00e8me<\/a>\u00a0| Heat<\/li>\n<li><a href=\"http:\/\/pop-culture.fr\/dotclear\/index.php?post\/2010\/11\/26\/Scenes-cultes-%3A-vingt-quatrieme\">Sc\u00e8nes cultes\u00a0: vingt-quatri\u00e8me<\/a>\u00a0| Le Parrain<\/li>\n<li><a href=\"http:\/\/pop-culture.fr\/dotclear\/index.php?post\/2010\/12\/15\/Scenes-cultes-%3A-vingt-cinquieme\">Sc\u00e8nes cultes\u00a0: vingt-cinqui\u00e8me<\/a>\u00a0| Princesse Mononok\u00e9<\/li>\n<li><a href=\"http:\/\/pop-culture.fr\/dotclear\/index.php?post\/2011\/01\/25\/Scenes-cultes-%3A-vingt-sixieme\">Sc\u00e8nes cultes\u00a0: vingt-sixi\u00e8me<\/a>\u00a0| O&rsquo;Brother<\/li>\n<li><a href=\"http:\/\/pop-culture.fr\/dotclear\/index.php?post\/2011\/02\/01\/Scenes-cultes-%3A-vingt-septieme\">Sc\u00e8nes cultes\u00a0: vingt-septi\u00e8me<\/a>\u00a0| Danse avec les loups<\/li>\n<li><a href=\"http:\/\/pop-culture.fr\/dotclear\/index.php?post\/2011\/03\/05\/Scenes-cultes-%3A-vingt-huitieme\">Sc\u00e8nes cultes\u00a0: vingt-huiti\u00e8me<\/a>\u00a0| Trilogie originale Star Wars<\/li>\n<li><a href=\"http:\/\/pop-culture.fr\/dotclear\/index.php?post\/2011\/04\/29\/Scenes-cultes-%3A-vingt-neuvieme\">Sc\u00e8nes cultes\u00a0: vingt-neuvi\u00e8me<\/a>\u00a0| Highlander<\/li>\n<li><a href=\"http:\/\/pop-culture.fr\/dotclear\/index.php?post\/2011\/06\/18\/Scenes-cultes-%3A-trentieme\">Sc\u00e8nes cultes\u00a0: trenti\u00e8me<\/a>\u00a0| Apr\u00e8s la pluie<\/li>\n<li><a href=\"http:\/\/pop-culture.fr\/dotclear\/index.php?post\/2011\/11\/25\/Scenes-cultes-%3A-trente-et-unieme\">Sc\u00e8nes cultes\u00a0: trente-et-uni\u00e8me<\/a>\u00a0| Alexandre Nevski<\/li>\n<li><a href=\"http:\/\/pop-culture.fr\/dotclear\/index.php?post\/2011\/12\/07\/Scenes-cultes-%3A-trente-deuxieme\">Sc\u00e8nes cultes\u00a0: trente-deuxi\u00e8me<\/a>\u00a0| Le Concert<strong><br \/>\n<\/strong><\/li>\n<li><a title=\"Sc\u00e8nes cultes : trente-troisi\u00e8me | Serenity\" href=\"https:\/\/pop-culture.fr\/blog\/scenes-cultes-trente-troisieme-serenity\/\">Sc\u00e8nes cultes : trente-troisi\u00e8me<\/a> | Serenity<\/li>\n<li><a title=\"Sc\u00e8nes cultes : trente-quatri\u00e8me | Alien, le huiti\u00e8me passager\" href=\"https:\/\/pop-culture.fr\/blog\/scenes-cultes-trente-quatrieme-alien-le-huitieme-passager\/\">Sc\u00e8nes cultes : trente-quatri\u00e8me<\/a> | Alien, le huiti\u00e8me passager <strong>(15\/02\/2015)<\/strong><\/li>\n<\/ol>\n<p>&nbsp;<\/p>\n<\/div>\n","protected":false},"excerpt":{"rendered":"<p>Cette page restera accessible en permanence depuis l&rsquo;accueil et sera tenue \u00e0 jour \u00e0 chaque nouvelle sc\u00e8ne culte publi\u00e9e. Vous n&rsquo;aurez plus aucune excuse pour ne pas voir ou revoir ces moments forts du cin\u00e9ma\u00a0! &nbsp; Sc\u00e8nes cultes\u00a0: premi\u00e8re\u00a0| Blade Runner Sc\u00e8nes cultes\u00a0: deuxi\u00e8me\u00a0| Terminator Sc\u00e8nes cultes\u00a0: troisi\u00e8me\u00a0| Tigre et Dragon Sc\u00e8nes cultes\u00a0: quatri\u00e8me\u00a0| Ghost [&hellip;]<\/p>\n","protected":false},"author":1,"featured_media":0,"parent":0,"menu_order":10,"comment_status":"open","ping_status":"open","template":"","meta":{"_acf_changed":false,"footnotes":""},"acf":[],"_links":{"self":[{"href":"https:\/\/pop-culture.fr\/blog\/wp-json\/wp\/v2\/pages\/32"}],"collection":[{"href":"https:\/\/pop-culture.fr\/blog\/wp-json\/wp\/v2\/pages"}],"about":[{"href":"https:\/\/pop-culture.fr\/blog\/wp-json\/wp\/v2\/types\/page"}],"author":[{"embeddable":true,"href":"https:\/\/pop-culture.fr\/blog\/wp-json\/wp\/v2\/users\/1"}],"replies":[{"embeddable":true,"href":"https:\/\/pop-culture.fr\/blog\/wp-json\/wp\/v2\/comments?post=32"}],"version-history":[{"count":14,"href":"https:\/\/pop-culture.fr\/blog\/wp-json\/wp\/v2\/pages\/32\/revisions"}],"predecessor-version":[{"id":614,"href":"https:\/\/pop-culture.fr\/blog\/wp-json\/wp\/v2\/pages\/32\/revisions\/614"}],"wp:attachment":[{"href":"https:\/\/pop-culture.fr\/blog\/wp-json\/wp\/v2\/media?parent=32"}],"curies":[{"name":"wp","href":"https:\/\/api.w.org\/{rel}","templated":true}]}}